{"id":11,"date":"2021-03-04T12:52:45","date_gmt":"2021-03-04T12:52:45","guid":{"rendered":"https:\/\/sportlogistic.ro\/?page_id=11"},"modified":"2021-03-11T09:24:48","modified_gmt":"2021-03-11T09:24:48","slug":"home","status":"publish","type":"page","link":"https:\/\/sportlogistic.ro\/","title":{"rendered":"Home"},"content":{"rendered":"\n<div class=\"wp-block-cover alignfull has-background-dim-60 has-neve-link-color-background-color has-background-dim\" style=\"min-height:700px;aspect-ratio:unset;\"><img loading=\"lazy\" decoding=\"async\" width=\"2000\" height=\"1125\" class=\"wp-block-cover__image-background wp-image-39\" alt=\"\" src=\"https:\/\/sportlogistic.ro\/wp-content\/uploads\/2021\/03\/DJI_0041.jpg\" data-object-fit=\"cover\" srcset=\"https:\/\/sportlogistic.ro\/wp-content\/uploads\/2021\/03\/DJI_0041.jpg 2000w, https:\/\/sportlogistic.ro\/wp-content\/uploads\/2021\/03\/DJI_0041-300x169.jpg 300w, https:\/\/sportlogistic.ro\/wp-content\/uploads\/2021\/03\/DJI_0041-1024x576.jpg 1024w, https:\/\/sportlogistic.ro\/wp-content\/uploads\/2021\/03\/DJI_0041-768x432.jpg 768w, https:\/\/sportlogistic.ro\/wp-content\/uploads\/2021\/03\/DJI_0041-1536x864.jpg 1536w\" sizes=\"auto, (max-width: 2000px) 100vw, 2000px\" \/><div class=\"wp-block-cover__inner-container is-layout-flow wp-block-cover-is-layout-flow\">\n<div style=\"height:80px\" aria-hidden=\"true\" class=\"wp-block-spacer\"><\/div>\n\n\n\n<h1 class=\"has-text-align-center has-nv-site-bg-color has-text-color wp-block-heading\">Partenerul ideal pentru proiecte sportive<\/h1>\n\n\n\n<p class=\"has-text-align-center has-nv-text-dark-bg-color has-text-color\" style=\"font-size:17px\">Pardoseli \u0219i dot\u0103ri pentru terenuri \u0219i s\u0103li de sport, echipamente pentru lucr\u0103ri de infrastructur\u0103 sportiv\u0103, organizare de evenimente sportive. Echip\u0103 dedicat\u0103, oameni preg\u0103ti\u021bi \u0219i cu experien\u021b\u0103.<\/p>\n\n\n\n<div class=\"wp-block-buttons is-content-justification-center is-layout-flex wp-block-buttons-is-layout-flex\">\n<div class=\"wp-block-button is-style-primary\"><a class=\"wp-block-button__link has-neve-text-color-color has-text-color\" href=\"https:\/\/sportlogistic.ro\/?page_id=6\" style=\"border-radius:5px\" target=\"_blank\" rel=\"noreferrer noopener\">MAI MULTE DETALII<\/a><\/div>\n\n\n\n<div class=\"wp-block-button is-style-secondary\"><a class=\"wp-block-button__link\" href=\"mailto:info@sportlogistic.ro\" style=\"border-radius:5px\" target=\"_blank\" rel=\"noreferrer noopener\">SOLICIT\u0102 O OFERT\u0102<\/a><\/div>\n<\/div>\n\n\n\n<div style=\"height:80px\" aria-hidden=\"true\" class=\"wp-block-spacer\"><\/div>\n\n\n\n<div style=\"height:80px\" aria-hidden=\"true\" class=\"wp-block-spacer\"><\/div>\n<\/div><\/div>\n\n\n\n<div style=\"height:32px\" aria-hidden=\"true\" class=\"wp-block-spacer\"><\/div>\n\n\n\n<div class=\"wp-block-columns is-layout-flex wp-container-core-columns-is-layout-9d6595d7 wp-block-columns-is-layout-flex\">\n<div class=\"wp-block-column is-layout-flow wp-block-column-is-layout-flow\">\n<div class=\"wp-block-image icon-style is-style-default\"><figure class=\"aligncenter is-resized\"><img loading=\"lazy\" decoding=\"async\" src=\"https:\/\/sportlogistic.ro\/wp-content\/themes\/neve\/assets\/img\/starter-content\/icon-03.svg\" alt=\"\" width=\"48\" height=\"48\"\/><\/figure><\/div>\n\n\n\n<h3 class=\"has-text-align-center has-neve-text-color-color has-text-color wp-block-heading\">Experien\u021b\u0103<\/h3>\n\n\n\n<p class=\"has-text-align-center\">Activ\u0103m pe pia\u021b\u0103 din anul 2008, cu o dezvoltare continu\u0103 a verticalelor de business.<\/p>\n\n\n\n<div style=\"height:20px\" aria-hidden=\"true\" class=\"wp-block-spacer\"><\/div>\n<\/div>\n\n\n\n<div class=\"wp-block-column is-layout-flow wp-block-column-is-layout-flow\">\n<div class=\"wp-block-image icon-style is-style-default\"><figure class=\"aligncenter is-resized\"><img loading=\"lazy\" decoding=\"async\" src=\"https:\/\/sportlogistic.ro\/wp-content\/themes\/neve\/assets\/img\/starter-content\/icon-02.svg\" alt=\"\" width=\"48\" height=\"48\"\/><\/figure><\/div>\n\n\n\n<h3 class=\"has-text-align-center has-neve-text-color-color has-text-color wp-block-heading\">Preg\u0103tire<\/h3>\n\n\n\n<p class=\"has-text-align-center\">Factorul uman reprezint\u0103 activul principal \u00een care investim \u00een permanen\u021b\u0103.<\/p>\n\n\n\n<div style=\"height:20px\" aria-hidden=\"true\" class=\"wp-block-spacer\"><\/div>\n<\/div>\n\n\n\n<div class=\"wp-block-column is-layout-flow wp-block-column-is-layout-flow\">\n<div class=\"wp-block-image icon-style is-style-rounded\"><figure class=\"aligncenter is-resized\"><img loading=\"lazy\" decoding=\"async\" src=\"https:\/\/sportlogistic.ro\/wp-content\/themes\/neve\/assets\/img\/starter-content\/icon-01.svg\" alt=\"\" width=\"48\" height=\"48\"\/><\/figure><\/div>\n\n\n\n<h3 class=\"has-text-align-center has-neve-text-color-color has-text-color wp-block-heading\">Calitate<\/h3>\n\n\n\n<p class=\"has-text-align-center\">Fiecare proiect este realizat la cele mai \u00eenalte standarde, tehnologic \u0219i material.<\/p>\n\n\n\n<div style=\"height:20px\" aria-hidden=\"true\" class=\"wp-block-spacer\"><\/div>\n<\/div>\n<\/div>\n\n\n\n<div class=\"wp-block-cover alignfull has-nv-light-bg-background-color has-background-dim\" style=\"min-height:600px;aspect-ratio:unset;\"><div class=\"wp-block-cover__inner-container is-layout-flow wp-block-cover-is-layout-flow\">\n<div class=\"wp-block-group\"><div class=\"wp-block-group__inner-container is-layout-flow wp-block-group-is-layout-flow\">\n<div style=\"height:80px\" aria-hidden=\"true\" class=\"wp-block-spacer\"><\/div>\n\n\n\n<div class=\"wp-block-columns are-vertically-aligned-center is-layout-flex wp-container-core-columns-is-layout-9d6595d7 wp-block-columns-is-layout-flex\">\n<div class=\"wp-block-column is-vertically-aligned-center is-layout-flow wp-block-column-is-layout-flow\" style=\"flex-basis:50%\">\n<figure class=\"wp-block-image size-large is-resized is-style-default\"><img loading=\"lazy\" decoding=\"async\" src=\"https:\/\/sportlogistic.ro\/wp-content\/uploads\/2021\/03\/IMG_7931-edited.jpg\" alt=\"\" class=\"wp-image-51\" width=\"457\" height=\"457\" srcset=\"https:\/\/sportlogistic.ro\/wp-content\/uploads\/2021\/03\/IMG_7931-edited.jpg 1393w, https:\/\/sportlogistic.ro\/wp-content\/uploads\/2021\/03\/IMG_7931-edited-300x300.jpg 300w, https:\/\/sportlogistic.ro\/wp-content\/uploads\/2021\/03\/IMG_7931-edited-1022x1024.jpg 1022w, https:\/\/sportlogistic.ro\/wp-content\/uploads\/2021\/03\/IMG_7931-edited-150x150.jpg 150w, https:\/\/sportlogistic.ro\/wp-content\/uploads\/2021\/03\/IMG_7931-edited-768x770.jpg 768w\" sizes=\"auto, (max-width: 457px) 100vw, 457px\" \/><\/figure>\n<\/div>\n\n\n\n<div class=\"wp-block-column is-vertically-aligned-center is-layout-flow wp-block-column-is-layout-flow\" style=\"flex-basis:50%\">\n<div style=\"height:20px\" aria-hidden=\"true\" class=\"wp-block-spacer\"><\/div>\n\n\n\n<h2 class=\"has-text-align-left has-neve-text-color-color has-text-color wp-block-heading\">Amenaj\u0103ri terenuri de sport<\/h2>\n\n\n\n<p class=\"has-text-align-left has-neve-text-color-color has-text-color\" style=\"font-size:17px\">Sport Logistic urm\u0103re\u0219te permanent evolu\u021bia industriei sportive, compania put\u00e2nd face fa\u021b\u0103 oric\u0103ror provoc\u0103ri \u00een domeniul instal\u0103rilor sportive \u00een condi\u021bii de \u00eenalt\u0103 calitate \u0219i siguran\u021b\u0103 maxim\u0103 pentru sportivi \u0219i spectatori<\/p>\n\n\n\n<div class=\"wp-block-buttons is-content-justification-left is-layout-flex wp-block-buttons-is-layout-flex\">\n<div class=\"wp-block-button is-style-primary\"><a class=\"wp-block-button__link\" href=\"https:\/\/sportlogistic.ro\/?page_id=80\" target=\"_blank\" rel=\"noreferrer noopener\">DETALII<\/a><\/div>\n<\/div>\n<\/div>\n<\/div>\n\n\n\n<div style=\"height:40px\" aria-hidden=\"true\" class=\"wp-block-spacer\"><\/div>\n<\/div><\/div>\n<\/div><\/div>\n\n\n\n<div class=\"wp-block-cover alignfull has-nv-site-bg-background-color has-background-dim\" style=\"min-height:600px;aspect-ratio:unset;\"><div class=\"wp-block-cover__inner-container is-layout-flow wp-block-cover-is-layout-flow\">\n<div class=\"wp-block-group\"><div class=\"wp-block-group__inner-container is-layout-flow wp-block-group-is-layout-flow\">\n<div style=\"height:80px\" aria-hidden=\"true\" class=\"wp-block-spacer\"><\/div>\n\n\n\n<div class=\"wp-block-columns are-vertically-aligned-center is-layout-flex wp-container-core-columns-is-layout-9d6595d7 wp-block-columns-is-layout-flex\">\n<div class=\"wp-block-column is-vertically-aligned-center is-layout-flow wp-block-column-is-layout-flow\" style=\"flex-basis:50%\">\n<h2 class=\"has-text-align-left has-neve-text-color-color has-text-color wp-block-heading\">Organizare \u0219i logistic\u0103 pentru evenimente sportive<\/h2>\n\n\n\n<p class=\"has-text-align-left has-neve-text-color-color has-text-color\" style=\"font-size:17px\">Avem capacitatea de a organiza un eveniment sportiv de la zero, incluz\u00e2nd toate etapele, de la conceptul ini\u021bial \u0219i p\u00e2n\u0103 la execu\u021bia la cheie. Suntem un partener ideal pentru orice organiza\u021bie, fie public\u0103, sau privat\u0103 \u0219i putem oferi \u0219i solu\u021bii punctuale.<\/p>\n\n\n\n<div class=\"wp-block-buttons is-content-justification-left is-layout-flex wp-block-buttons-is-layout-flex\">\n<div class=\"wp-block-button is-style-primary\"><a class=\"wp-block-button__link\" href=\"https:\/\/sportlogistic.ro\/?page_id=69\">DETALII<\/a><\/div>\n<\/div>\n\n\n\n<div style=\"height:40px\" aria-hidden=\"true\" class=\"wp-block-spacer\"><\/div>\n<\/div>\n\n\n\n<div class=\"wp-block-column is-vertically-aligned-center is-layout-flow wp-block-column-is-layout-flow\" style=\"flex-basis:50%\">\n<figure class=\"wp-block-image size-large\"><img loading=\"lazy\" decoding=\"async\" width=\"999\" height=\"1000\" src=\"https:\/\/sportlogistic.ro\/wp-content\/uploads\/2021\/03\/20201219_00365118_mic-edited.jpg\" alt=\"\" class=\"wp-image-56\" srcset=\"https:\/\/sportlogistic.ro\/wp-content\/uploads\/2021\/03\/20201219_00365118_mic-edited.jpg 999w, https:\/\/sportlogistic.ro\/wp-content\/uploads\/2021\/03\/20201219_00365118_mic-edited-300x300.jpg 300w, https:\/\/sportlogistic.ro\/wp-content\/uploads\/2021\/03\/20201219_00365118_mic-edited-150x150.jpg 150w, https:\/\/sportlogistic.ro\/wp-content\/uploads\/2021\/03\/20201219_00365118_mic-edited-768x769.jpg 768w\" sizes=\"auto, (max-width: 999px) 100vw, 999px\" \/><\/figure>\n<\/div>\n<\/div>\n\n\n\n<div style=\"height:40px\" aria-hidden=\"true\" class=\"wp-block-spacer\"><\/div>\n<\/div><\/div>\n<\/div><\/div>\n\n\n\n<div class=\"wp-block-cover alignfull has-nv-dark-bg-background-color has-background-dim\" style=\"min-height:600px;aspect-ratio:unset;\"><div class=\"wp-block-cover__inner-container is-layout-flow wp-block-cover-is-layout-flow\">\n<div class=\"wp-block-group\"><div class=\"wp-block-group__inner-container is-layout-flow wp-block-group-is-layout-flow\">\n<div style=\"height:80px\" aria-hidden=\"true\" class=\"wp-block-spacer\"><\/div>\n\n\n\n<div class=\"wp-block-columns are-vertically-aligned-center is-layout-flex wp-container-core-columns-is-layout-9d6595d7 wp-block-columns-is-layout-flex\">\n<div class=\"wp-block-column is-vertically-aligned-center is-layout-flow wp-block-column-is-layout-flow\" style=\"flex-basis:50%\">\n<figure class=\"wp-block-image size-large\"><img loading=\"lazy\" decoding=\"async\" width=\"1024\" height=\"1024\" src=\"https:\/\/sportlogistic.ro\/wp-content\/uploads\/2021\/03\/sandmatic-1024x1024.jpg\" alt=\"\" class=\"wp-image-59\" srcset=\"https:\/\/sportlogistic.ro\/wp-content\/uploads\/2021\/03\/sandmatic-1024x1024.jpg 1024w, https:\/\/sportlogistic.ro\/wp-content\/uploads\/2021\/03\/sandmatic-300x300.jpg 300w, https:\/\/sportlogistic.ro\/wp-content\/uploads\/2021\/03\/sandmatic-150x150.jpg 150w, https:\/\/sportlogistic.ro\/wp-content\/uploads\/2021\/03\/sandmatic-768x768.jpg 768w, https:\/\/sportlogistic.ro\/wp-content\/uploads\/2021\/03\/sandmatic-1536x1536.jpg 1536w, https:\/\/sportlogistic.ro\/wp-content\/uploads\/2021\/03\/sandmatic.jpg 2000w\" sizes=\"auto, (max-width: 1024px) 100vw, 1024px\" \/><\/figure>\n<\/div>\n\n\n\n<div class=\"wp-block-column is-vertically-aligned-center is-layout-flow wp-block-column-is-layout-flow\" style=\"flex-basis:50%\">\n<div style=\"height:40px\" aria-hidden=\"true\" class=\"wp-block-spacer\"><\/div>\n\n\n\n<h2 class=\"has-text-align-left has-nv-text-dark-bg-color has-text-color wp-block-heading\">Echipamente pentru lucr\u0103ri de infrastructur\u0103 sportiv\u0103<\/h2>\n\n\n\n<p class=\"has-text-align-left has-nv-text-dark-bg-color has-text-color\" style=\"font-size:17px\">Sport Logistic dispune de \u00eentreaga gama de echipamente de ultima genera\u021bie necesare unor lucr\u0103ri importante de instalare \u0219i \u00eentre\u021binere pentru gazon sintetic, parchet sau cauciuc tip tartan. <\/p>\n\n\n\n<div class=\"wp-block-buttons is-content-justification-left is-layout-flex wp-block-buttons-is-layout-flex\">\n<div class=\"wp-block-button is-style-primary\"><a class=\"wp-block-button__link\" href=\"#\" target=\"_blank\" rel=\"noreferrer noopener\">DETALII<\/a><\/div>\n<\/div>\n<\/div>\n<\/div>\n\n\n\n<div style=\"height:40px\" aria-hidden=\"true\" class=\"wp-block-spacer\"><\/div>\n<\/div><\/div>\n<\/div><\/div>\n\n\n\n<div style=\"height:21px\" aria-hidden=\"true\" class=\"wp-block-spacer\"><\/div>\n\n\n\n<div class=\"wp-block-cover alignfull has-nv-site-bg-background-color has-background-dim\" style=\"min-height:864px;aspect-ratio:unset;\"><div class=\"wp-block-cover__inner-container is-layout-flow wp-block-cover-is-layout-flow\">\n<div class=\"wp-block-group\"><div class=\"wp-block-group__inner-container is-layout-flow wp-block-group-is-layout-flow\">\n<h2 class=\"has-neve-text-color-color has-nv-site-bg-background-color has-text-color has-background wp-block-heading\">Proiecte de top<\/h2>\n\n\n\n<div class=\"wp-block-columns alignfull are-vertically-aligned-center has-nv-light-bg-background-color has-background is-layout-flex wp-container-core-columns-is-layout-9d6595d7 wp-block-columns-is-layout-flex\">\n<div class=\"wp-block-column is-vertically-aligned-center is-layout-flow wp-block-column-is-layout-flow\" style=\"flex-basis:33.34%\">\n<div class=\"wp-block-cover has-background-dim has-background-gradient has-custom-content-position is-position-bottom-center\"><span aria-hidden=\"true\" class=\"wp-block-cover__gradient-background has-midnight-gradient-background\"><\/span><img loading=\"lazy\" decoding=\"async\" width=\"1600\" height=\"900\" class=\"wp-block-cover__image-background wp-image-133\" alt=\"\" src=\"https:\/\/sportlogistic.ro\/wp-content\/uploads\/2021\/03\/DJI_0041-1.jpg\" data-object-fit=\"cover\" srcset=\"https:\/\/sportlogistic.ro\/wp-content\/uploads\/2021\/03\/DJI_0041-1.jpg 1600w, https:\/\/sportlogistic.ro\/wp-content\/uploads\/2021\/03\/DJI_0041-1-300x169.jpg 300w, https:\/\/sportlogistic.ro\/wp-content\/uploads\/2021\/03\/DJI_0041-1-1024x576.jpg 1024w, https:\/\/sportlogistic.ro\/wp-content\/uploads\/2021\/03\/DJI_0041-1-768x432.jpg 768w, https:\/\/sportlogistic.ro\/wp-content\/uploads\/2021\/03\/DJI_0041-1-1536x864.jpg 1536w\" sizes=\"auto, (max-width: 1600px) 100vw, 1600px\" \/><div class=\"wp-block-cover__inner-container is-layout-flow wp-block-cover-is-layout-flow\">\n<p class=\"has-text-align-center\" style=\"font-size:28px\"><strong>Gazon\/Tartan<\/strong><\/p>\n\n\n\n<p class=\"has-text-align-center\">Parc Lumea Copiilor, Bucure\u0219ti<\/p>\n<\/div><\/div>\n<\/div>\n\n\n\n<div class=\"wp-block-column is-vertically-aligned-center is-layout-flow wp-block-column-is-layout-flow\" style=\"flex-basis:33.34%\">\n<div class=\"wp-block-cover has-background-dim has-background-gradient has-custom-content-position is-position-bottom-center\"><span aria-hidden=\"true\" class=\"wp-block-cover__gradient-background has-midnight-gradient-background\"><\/span><img loading=\"lazy\" decoding=\"async\" width=\"1200\" height=\"675\" class=\"wp-block-cover__image-background wp-image-132\" alt=\"\" src=\"https:\/\/sportlogistic.ro\/wp-content\/uploads\/2021\/03\/DJI_0025.jpg\" data-object-fit=\"cover\" srcset=\"https:\/\/sportlogistic.ro\/wp-content\/uploads\/2021\/03\/DJI_0025.jpg 1200w, https:\/\/sportlogistic.ro\/wp-content\/uploads\/2021\/03\/DJI_0025-300x169.jpg 300w, https:\/\/sportlogistic.ro\/wp-content\/uploads\/2021\/03\/DJI_0025-1024x576.jpg 1024w, https:\/\/sportlogistic.ro\/wp-content\/uploads\/2021\/03\/DJI_0025-768x432.jpg 768w\" sizes=\"auto, (max-width: 1200px) 100vw, 1200px\" \/><div class=\"wp-block-cover__inner-container is-layout-flow wp-block-cover-is-layout-flow\">\n<p class=\"has-text-align-center\" style=\"font-size:28px\"><strong>Modular\u0103<\/strong><\/p>\n\n\n\n<p class=\"has-text-align-center\">Parc Br\u0103tianu, Oradea<\/p>\n<\/div><\/div>\n<\/div>\n\n\n\n<div class=\"wp-block-column is-layout-flow wp-block-column-is-layout-flow\" style=\"flex-basis:33.33%\">\n<div class=\"wp-block-cover has-background-dim has-background-gradient has-custom-content-position is-position-bottom-center\"><span aria-hidden=\"true\" class=\"wp-block-cover__gradient-background has-midnight-gradient-background\"><\/span><img loading=\"lazy\" decoding=\"async\" width=\"1600\" height=\"1066\" class=\"wp-block-cover__image-background wp-image-134\" alt=\"\" src=\"https:\/\/sportlogistic.ro\/wp-content\/uploads\/2021\/03\/iasi4-1.jpg\" data-object-fit=\"cover\" srcset=\"https:\/\/sportlogistic.ro\/wp-content\/uploads\/2021\/03\/iasi4-1.jpg 1600w, https:\/\/sportlogistic.ro\/wp-content\/uploads\/2021\/03\/iasi4-1-300x200.jpg 300w, https:\/\/sportlogistic.ro\/wp-content\/uploads\/2021\/03\/iasi4-1-1024x682.jpg 1024w, https:\/\/sportlogistic.ro\/wp-content\/uploads\/2021\/03\/iasi4-1-768x512.jpg 768w, https:\/\/sportlogistic.ro\/wp-content\/uploads\/2021\/03\/iasi4-1-1536x1023.jpg 1536w, https:\/\/sportlogistic.ro\/wp-content\/uploads\/2021\/03\/iasi4-1-930x620.jpg 930w\" sizes=\"auto, (max-width: 1600px) 100vw, 1600px\" \/><div class=\"wp-block-cover__inner-container is-layout-flow wp-block-cover-is-layout-flow\">\n<p class=\"has-text-align-center\" style=\"font-size:28px\"><strong>Parchet<\/strong><\/p>\n\n\n\n<p class=\"has-text-align-center has-normal-font-size\">Sala Sporturilor, Ia\u0219i<\/p>\n<\/div><\/div>\n<\/div>\n<\/div>\n\n\n\n<div style=\"height:26px\" aria-hidden=\"true\" class=\"wp-block-spacer\"><\/div>\n<\/div><\/div>\n\n\n\n<p><\/p>\n<\/div><\/div>\n\n\n\n<div class=\"wp-block-cover alignfull has-nv-dark-bg-background-color has-background-dim\" style=\"min-height:300px;aspect-ratio:unset;\"><div class=\"wp-block-cover__inner-container is-layout-flow wp-block-cover-is-layout-flow\">\n<h2 class=\"has-text-align-center has-nv-text-dark-bg-color has-text-color wp-block-heading\">Vrei s\u0103 lucr\u0103m \u00eempreun\u0103 la urm\u0103torul proiect?<\/h2>\n\n\n\n<p class=\"has-text-align-center has-medium-font-size\">Suntem aici s\u0103 te ghid\u0103m pentru a lua cele mai bune decizii!<\/p>\n\n\n\n<div class=\"wp-block-buttons is-content-justification-center is-layout-flex wp-block-buttons-is-layout-flex\">\n<div class=\"wp-block-button is-style-primary\"><a class=\"wp-block-button__link\" href=\"mailto:info@sportlogistic.ro\" target=\"_blank\" rel=\"noreferrer noopener\">CONTACTEAZ\u0102-NE<\/a><\/div>\n<\/div>\n<\/div><\/div>\n","protected":false},"excerpt":{"rendered":"<p>Experien\u021b\u0103 Activ\u0103m pe pia\u021b\u0103 din anul 2008, cu o dezvoltare continu\u0103 a verticalelor de business. Preg\u0103tire Factorul uman reprezint\u0103 activul principal \u00een care investim \u00een permanen\u021b\u0103. Calitate Fiecare proiect este realizat la cele mai \u00eenalte standarde, tehnologic \u0219i material.<\/p>\n","protected":false},"author":2,"featured_media":0,"parent":0,"menu_order":0,"comment_status":"closed","ping_status":"closed","template":"","meta":{"neve_meta_sidebar":"","neve_meta_container":"","neve_meta_enable_content_width":"on","neve_meta_content_width":100,"neve_meta_title_alignment":"","neve_meta_author_avatar":"","neve_post_elements_order":"","neve_meta_disable_header":"","neve_meta_disable_footer":"","neve_meta_disable_title":"on","footnotes":""},"class_list":["post-11","page","type-page","status-publish","hentry"],"_links":{"self":[{"href":"https:\/\/sportlogistic.ro\/index.php?rest_route=\/wp\/v2\/pages\/11","targetHints":{"allow":["GET"]}}],"collection":[{"href":"https:\/\/sportlogistic.ro\/index.php?rest_route=\/wp\/v2\/pages"}],"about":[{"href":"https:\/\/sportlogistic.ro\/index.php?rest_route=\/wp\/v2\/types\/page"}],"author":[{"embeddable":true,"href":"https:\/\/sportlogistic.ro\/index.php?rest_route=\/wp\/v2\/users\/2"}],"replies":[{"embeddable":true,"href":"https:\/\/sportlogistic.ro\/index.php?rest_route=%2Fwp%2Fv2%2Fcomments&post=11"}],"version-history":[{"count":29,"href":"https:\/\/sportlogistic.ro\/index.php?rest_route=\/wp\/v2\/pages\/11\/revisions"}],"predecessor-version":[{"id":167,"href":"https:\/\/sportlogistic.ro\/index.php?rest_route=\/wp\/v2\/pages\/11\/revisions\/167"}],"wp:attachment":[{"href":"https:\/\/sportlogistic.ro\/index.php?rest_route=%2Fwp%2Fv2%2Fmedia&parent=11"}],"curies":[{"name":"wp","href":"https:\/\/api.w.org\/{rel}","templated":true}]}}