{"id":6,"date":"2021-03-04T12:52:45","date_gmt":"2021-03-04T12:52:45","guid":{"rendered":"https:\/\/sportlogistic.ro\/?page_id=6"},"modified":"2021-03-04T13:50:17","modified_gmt":"2021-03-04T13:50:17","slug":"about","status":"publish","type":"page","link":"https:\/\/sportlogistic.ro\/?page_id=6","title":{"rendered":"Despre"},"content":{"rendered":"\n<p>Sport Logistic este o companie care activeaz\u0103 \u00een industria sportului \u00eenc\u0103 din anul 2008, av\u00e2nd mai multe verticale de business, precum amenaj\u0103ri de terenuri de sport sau baze sportive, organizare de evenimente sportive, furnizare de materiale logistice pentru evenimente sportive, furnizare \u0219i \u00eentre\u021binere a suprafe\u021belor de joc \u0219i a dot\u0103rilor pentru diverse sporturi.<\/p>\n\n\n\n<p>Fiecare dintre obiectele de activitate se bazeaz\u0103 pe o vast\u0103 experien\u021b\u0103 \u00een domeniu, dob\u00e2ndit\u0103 at\u00e2t la nivel de companie c\u00e2t \u0219i individual, de c\u0103tre membrii echipei Sport Logistic. De altfel activul principal al companiei \u00eel constituie factorul uman, echipele specializate \u00een domeniul de activitate fiind \u00eentr-un continuu proces de formare \u0219i perfec\u021bionare profesionala, extindere a ariei de competen\u021be si training specializat la produc\u0103tori.<\/p>\n\n\n\n<p>Capacitatea de a organiza un eveniment sportiv de la zero, incluz\u00e2nd toate etapele, de la conceptul ini\u021bial \u0219i p\u00e2n\u0103 la execu\u021bia la cheie, precum \u0219i capacitatea de a furniza echipamentele logistice necesare unui eveniment de top, fac din Sport Logistic partenerul ideal pentru orice organiza\u021bie, fie ea public\u0103 sau privat\u0103.<\/p>\n\n\n\n<p>Cu certific\u0103ri ob\u021binute din partea federa\u021biilor sportive interna\u021bionale, membrii echipei Sport Logistic pot de asemenea oferi solu\u021bii punctuale pentru evenimentele sportive cum ar fi:<\/p>\n\n\n\n<ul class=\"wp-block-list\"><li>Consultan\u021b\u0103 \u0219i planning<\/li><li>Management competi\u021bional<\/li><li>Venue management<\/li><li>Promovare \u0219i comunicare PR<\/li><li>Logistic\u0103<\/li><\/ul>\n\n\n\n<p>Finalizarea cu succes a unor activit\u0103\u021bi de instalare de mare anvergur\u0103 nu ar fi fost posibil\u0103 f\u0103r\u0103 o dotare corespunz\u0103toare cu echipamente. Astfel, Sport Logistic dispune de \u00eentreaga gama de echipamente de ultima genera\u021bie necesare unor lucr\u0103ri importante \u00een domeniul sportului, cum ar fi<\/p>\n\n\n\n<ul class=\"wp-block-list\"><li>Instalarea \u0219i mentenan\u021ba gazonului sitetic<\/li><li>Instalarea \u0219i mentenan\u021ba suprafe\u021belor din parchet masiv<\/li><li>Instalarea suprafe\u021belor de cauciuc poliuretanic tip tartan<\/li><\/ul>\n\n\n\n<p>Majoritatea instal\u0103rilor efectuate de c\u0103tre Sport Logistic au necesitat omolog\u0103ri din partea forurilor sportive na\u021bionale \u0219i interna\u021bionale pentru desf\u0103\u0219urarea unor competi\u021bii sportive de anvergur\u0103, omolog\u0103ri ob\u021binute cu succes de fiecare dat\u0103. Sport Logistic i\u0219i desf\u0103\u0219oara activit\u0103\u021bile de instalare pe baza regulamentelor sportive na\u021bionale \u0219i interna\u021bionale pentru a asigura un nivel de calitate c\u00e2t mai ridicat. Av\u00e2nd ca principal scop furnizarea unor servicii de \u00eenalta calitate, Sport Logistic urm\u0103re\u0219te permanent evolu\u021bia industriei sportive, compania put\u00e2nd face fa\u021b\u0103 oric\u0103ror provoc\u0103ri \u00een domeniul instal\u0103rilor sportive \u00een condi\u021bii de \u00eenalt\u0103 calitate \u0219i siguran\u021b\u0103 maxim\u0103 pentru sportivi \u0219i spectatori.<\/p>\n","protected":false},"excerpt":{"rendered":"<p>Sport Logistic este o companie care activeaz\u0103 \u00een industria sportului \u00eenc\u0103 din anul 2008, av\u00e2nd mai multe verticale de business, precum amenaj\u0103ri de terenuri de sport sau baze sportive, organizare de evenimente sportive, furnizare de materiale logistice pentru evenimente sportive, furnizare \u0219i \u00eentre\u021binere a suprafe\u021belor de joc \u0219i a dot\u0103rilor pentru diverse sporturi. Fiecare dintre&hellip;&nbsp;<a href=\"https:\/\/sportlogistic.ro\/?page_id=6\" class=\"\" rel=\"bookmark\">Read More &raquo;<span class=\"screen-reader-text\">Despre<\/span><\/a><\/p>\n","protected":false},"author":2,"featured_media":0,"parent":0,"menu_order":0,"comment_status":"closed","ping_status":"closed","template":"","meta":{"neve_meta_sidebar":"","neve_meta_container":"","neve_meta_enable_content_width":"","neve_meta_content_width":0,"neve_meta_title_alignment":"","neve_meta_author_avatar":"","neve_post_elements_order":"","neve_meta_disable_header":"","neve_meta_disable_footer":"","neve_meta_disable_title":"","footnotes":""},"class_list":["post-6","page","type-page","status-publish","hentry"],"_links":{"self":[{"href":"https:\/\/sportlogistic.ro\/index.php?rest_route=\/wp\/v2\/pages\/6","targetHints":{"allow":["GET"]}}],"collection":[{"href":"https:\/\/sportlogistic.ro\/index.php?rest_route=\/wp\/v2\/pages"}],"about":[{"href":"https:\/\/sportlogistic.ro\/index.php?rest_route=\/wp\/v2\/types\/page"}],"author":[{"embeddable":true,"href":"https:\/\/sportlogistic.ro\/index.php?rest_route=\/wp\/v2\/users\/2"}],"replies":[{"embeddable":true,"href":"https:\/\/sportlogistic.ro\/index.php?rest_route=%2Fwp%2Fv2%2Fcomments&post=6"}],"version-history":[{"count":2,"href":"https:\/\/sportlogistic.ro\/index.php?rest_route=\/wp\/v2\/pages\/6\/revisions"}],"predecessor-version":[{"id":66,"href":"https:\/\/sportlogistic.ro\/index.php?rest_route=\/wp\/v2\/pages\/6\/revisions\/66"}],"wp:attachment":[{"href":"https:\/\/sportlogistic.ro\/index.php?rest_route=%2Fwp%2Fv2%2Fmedia&parent=6"}],"curies":[{"name":"wp","href":"https:\/\/api.w.org\/{rel}","templated":true}]}}