{"id":69,"date":"2021-03-04T14:00:16","date_gmt":"2021-03-04T14:00:16","guid":{"rendered":"https:\/\/sportlogistic.ro\/?page_id=69"},"modified":"2021-03-04T14:32:38","modified_gmt":"2021-03-04T14:32:38","slug":"evenimente","status":"publish","type":"page","link":"https:\/\/sportlogistic.ro\/?page_id=69","title":{"rendered":"Evenimente"},"content":{"rendered":"\n<p>Sport Logistic este unul dintre cei mai importanti organizatori de evenimente dedicate baschetului 3&#215;3, pe plan global, avand in portofoliu evenimente organizate in peste 30 tari, pe 5 continente. <\/p>\n\n\n\n<div class=\"wp-block-buttons is-layout-flex wp-block-buttons-is-layout-flex\">\n<div class=\"wp-block-button is-style-primary\"><a class=\"wp-block-button__link\" href=\"https:\/\/sportlogistic.ro\/?page_id=82\" style=\"border-radius:5px\" target=\"_blank\" rel=\"noreferrer noopener\">PORTOFOLIU EVENIMENTE<\/a><\/div>\n<\/div>\n\n\n\n<p>Sport Logistic dispune de capacitatea de a livra solutia completa pentru evenimente sportive acoperind toate ariile de interes, de la conceptul initial si pana la executia la cheie si raportarile finale ale evenimentului. De asemenea, Sport Logstic poate furniza solutii punctuale in ceea ce priveste evenimentul sportiv, asa cum sunt:<\/p>\n\n\n\n<ul class=\"wp-block-list\"><li>Consultanta<\/li><li>Planning<\/li><li>Management competitional,<\/li><li>Venue management<\/li><li>Promovare, comunicare si PR<\/li><li>Logistica<\/li><li>Teams coordination<\/li><\/ul>\n\n\n\n<p><strong>Management \u0219i consultan\u021b\u0103<\/strong><\/p>\n\n\n\n<p>Cu o experien\u021b\u0103 de peste 10 ani \u00een organizarea de evenimente sportive, Sport Logistic poate oferi servicii de consultan\u021b\u0103 \u0219i management al evenimentului. Astfel dac\u0103 dori\u021bi organizarea unui eveniment sportiv, v\u0103 putem oferi know-how-ul nostru de la alegerea locului de def\u0103\u0219urare al evenimentului \u0219i logistica necesar\u0103 bunei desf\u0103\u0219ur\u0103ri, p\u00e2n\u0103 la partea de promovare \u0219i comunicare, management competi\u021bional sau rela\u021biile cu furnizorii. Echipa Sport Logistic cuprinde speciali\u0219ti \u00een toate domeniile men\u021bionate mai sus iar \u00een func\u021bie de solicit\u0103ri putem coordona \u00eentregul eveniment cu resurse umane proprii sau putem oferi consultan\u021bi \u00een punctele cheie, pentru a avea ca rezultat final un eveniment de succes.<\/p>\n\n\n\n<p><strong>Management competi\u021bional<\/strong><\/p>\n\n\n\n<p>Cu oameni preg\u0103ti\u021bi \u0219i certifica\u021bi de c\u0103tre federa\u021bii interna\u021bionale sportive, Sport Logistic poate realiza managementul competi\u021bional pentru evenimente din diverse sporturi \u0219i discipline, precum: baschet, baschet 3&#215;3, fotbal, minifotbal, volei, volei pe plaj\u0103, tenis, fotbal-tenis \u0219i altele. Pentru o parte dintre aceste sporturi putem furniza solu\u021bii digitale de management competi\u021bional, care asigur\u0103 fluen\u021b\u0103 \u0219i operativitate \u00een procesele de \u00eenscriere, formatul competi\u021biei, rezultate, statistici sau rapoarte.<\/p>\n\n\n\n<p><strong>Venue management<\/strong><\/p>\n\n\n\n<p>Un aspect deosebit de important in organizarea unui eveniment sportiv il consituie locul de desfasurare si modul in care arena sportiva si spatiile adiacente sunt concepute si executate. De la planul general al locului de desfasurare al evenimentului pana la organizarea fluxurilor de persoane in interiorul arenei, de la stabilirea necesitatilor de sonorizare si iluminat si pana la asigurarea conditiilor conforme regulamentelor sportive in ceea ce priveste spatiul de joc, Sport Logistic poate livra planul detaliat al unei arene perfecte pentru evenimente sportive.<\/p>\n\n\n\n<p><strong>Comunicare, PR \u0219i Marketing<\/strong><\/p>\n\n\n\n<p>Cei zece ani de evenimente sportive organizate la nivel na\u021bional dar \u0219i global au contribuit din plin la acumularea unei vaste experien\u021be \u00een rela\u021bia cu toate tipurile de canale media \u0219i de furnizori de servicii media, astfel \u00eenc\u00e2t v\u0103 putem oferi un pachet complet de servicii \u00een acest domeniu, pentru evenimentul dumneavoastr\u0103. De la realizarea conceptelor grafice, a planurilor de comunicare, la strategii \u0219i campanii de marketing, avem capacitatea necesar\u0103 s\u0103 v\u0103 facem evenimentul cunoscut. Mai mult, rela\u021biile dob\u00e2ndite de-a lungul anilor at\u00e2t \u00een media rom\u00e2neasc\u0103 c\u00e2t \u0219i pe plan interna\u021bional pot contribui din plin la o expunere de succes pentru eveniment \u0219i mai ales pentru partenerii evenimentului.<\/p>\n\n\n\n<p><strong>Servicii conexe<\/strong><\/p>\n\n\n\n<p>Un eveniment sportiv presupune si asigurarea unor conditii optime de transport, cazare si masa pentru participanti, invitati si organizatori. Activitatile necesare pentru asigurarea acestor conditii prespun planificari riguroase si dinamice, iar implementarea lor este un proces in care expertii nostri au primit evaluari maxime din partea tuturor participantilor.<\/p>\n\n\n\n<p><strong>Logistic\u0103<\/strong><\/p>\n\n\n\n<p>Sport Logistic a fost la \u00eenceput de drum o companie care a contribuit prin partea logistic\u0103 la realizarea unor evenimente de succes. Experien\u021ba echipei noastre \u00een acest domeniu nu se m\u0103soar\u0103 doar \u00een metri p\u0103tra\u021bi de suprafe\u021be de joc sau metri liniari de tribune instalate, dar mai ales \u00een nivelul de adaptabilitate la situa\u021bii imposibile. Am g\u0103sit de-a lungul anilor solu\u021bii la toate tipurile de probleme care pot ap\u0103rea \u00een realizarea unei loca\u021bii perfecte pentru un eveniment sportiv. Am excelat \u00een a g\u0103si de fiecare dat\u0103 noi provoc\u0103ri \u0219i am dus evenimentele sportive mai aproape de oameni \u00een centre comerciale, \u00een zone publice pietonale, la malul m\u0103rii sau \u00een zone de de\u0219ert, am transformat practic \u00een teren de sport orice loc c\u00e2t de c\u00e2t plan. De asemenea, echipamentele logistice pe care le putem oferi spre \u00eenchiriere pot garanta un eveniment de top \u00een baschet, fotbal, volei, tenis \u0219i altele.<\/p>\n\n\n\n<p><strong>Servicii Multimedia<\/strong><\/p>\n\n\n\n<p>Succesul oric\u0103rui eveniment sportiv depinde \u00eentr-o foarte mare m\u0103sur\u0103 de componenta foto\/video. Sport Logistic are \u00een spate o echip\u0103 multimedia care include oameni din industria foto\/video cu experien\u021ba celor mai mari competi\u021bii sportive globale cum ar fi Jocurile Olimpice, Campionate Mondiale sau Europene, etape din circuitele mondiale ale diferitelor sporturi (baschet, tenis, Formula 1). De asemenea putem oferi servicii de live-stream, incluz\u00e2nd partea de comentariu sportiv, cu o echip\u0103 care include speciali\u0219ti cu experien\u021b\u0103 \u00een evenimente sportive interna\u021bionale.<\/p>\n\n\n\n<p><strong>eSports<\/strong><\/p>\n\n\n\n<p>Evolu\u021bia spectaculoas\u0103 a sporturilor electronice \u2013 eSports \u2013 \u00een ultimii ani, ne-a determinat s\u0103 ne extindem aria de organizare \u0219i \u00een acest domeniu. Astfel, \u00een anul 2020, Sport Logistic a organizat primele evenimente de eSports, care au inclus turnee de baschet \u0219i fotbal online, pentru platformele Playstation \u0219i Xbox, av\u00e2nd la baz\u0103 cele mai populare jocuri din aceste domenii, NBA2k20 \u0219i FIFA20. Organizarea acestor evenimente de gaming a inclus transmisia lor livestream pe canale dedicate, cu comentariu \u00een direct \u0219i interac\u021biune cu participan\u021bii la competi\u021bie.<\/p>\n","protected":false},"excerpt":{"rendered":"<p>Sport Logistic este unul dintre cei mai importanti organizatori de evenimente dedicate baschetului 3&#215;3, pe plan global, avand in portofoliu evenimente organizate in peste 30 tari, pe 5 continente. Sport Logistic dispune de capacitatea de a livra solutia completa pentru evenimente sportive acoperind toate ariile de interes, de la conceptul initial si pana la executia&hellip;&nbsp;<a href=\"https:\/\/sportlogistic.ro\/?page_id=69\" class=\"\" rel=\"bookmark\">Read More &raquo;<span class=\"screen-reader-text\">Evenimente<\/span><\/a><\/p>\n","protected":false},"author":2,"featured_media":0,"parent":0,"menu_order":0,"comment_status":"closed","ping_status":"closed","template":"","meta":{"neve_meta_sidebar":"full-width","neve_meta_container":"","neve_meta_enable_content_width":"on","neve_meta_content_width":100,"neve_meta_title_alignment":"","neve_meta_author_avatar":"","neve_post_elements_order":"","neve_meta_disable_header":"","neve_meta_disable_footer":"","neve_meta_disable_title":"","footnotes":""},"class_list":["post-69","page","type-page","status-publish","hentry"],"_links":{"self":[{"href":"https:\/\/sportlogistic.ro\/index.php?rest_route=\/wp\/v2\/pages\/69","targetHints":{"allow":["GET"]}}],"collection":[{"href":"https:\/\/sportlogistic.ro\/index.php?rest_route=\/wp\/v2\/pages"}],"about":[{"href":"https:\/\/sportlogistic.ro\/index.php?rest_route=\/wp\/v2\/types\/page"}],"author":[{"embeddable":true,"href":"https:\/\/sportlogistic.ro\/index.php?rest_route=\/wp\/v2\/users\/2"}],"replies":[{"embeddable":true,"href":"https:\/\/sportlogistic.ro\/index.php?rest_route=%2Fwp%2Fv2%2Fcomments&post=69"}],"version-history":[{"count":3,"href":"https:\/\/sportlogistic.ro\/index.php?rest_route=\/wp\/v2\/pages\/69\/revisions"}],"predecessor-version":[{"id":85,"href":"https:\/\/sportlogistic.ro\/index.php?rest_route=\/wp\/v2\/pages\/69\/revisions\/85"}],"wp:attachment":[{"href":"https:\/\/sportlogistic.ro\/index.php?rest_route=%2Fwp%2Fv2%2Fmedia&parent=69"}],"curies":[{"name":"wp","href":"https:\/\/api.w.org\/{rel}","templated":true}]}}