{"id":80,"date":"2021-03-04T14:26:17","date_gmt":"2021-03-04T14:26:17","guid":{"rendered":"https:\/\/sportlogistic.ro\/?page_id=80"},"modified":"2021-03-09T15:33:55","modified_gmt":"2021-03-09T15:33:55","slug":"pardoseli","status":"publish","type":"page","link":"https:\/\/sportlogistic.ro\/?page_id=80","title":{"rendered":"Amenaj\u0103ri"},"content":{"rendered":"\t\t<div data-elementor-type=\"wp-page\" data-elementor-id=\"80\" class=\"elementor elementor-80\" data-elementor-settings=\"[]\">\n\t\t\t\t\t\t\t<div class=\"elementor-section-wrap\">\n\t\t\t\t\t\t\t<section class=\"elementor-section elementor-top-section elementor-element elementor-element-0e37d2b elementor-section-boxed elementor-section-height-default elementor-section-height-default\" data-id=\"0e37d2b\" data-element_type=\"section\">\n\t\t\t\t\t\t<div class=\"elementor-container elementor-column-gap-default\">\n\t\t\t\t\t<div class=\"elementor-column elementor-col-100 elementor-top-column elementor-element elementor-element-5a416ab\" data-id=\"5a416ab\" data-element_type=\"column\">\n\t\t\t<div class=\"elementor-widget-wrap elementor-element-populated\">\n\t\t\t\t\t\t\t\t<div class=\"elementor-element elementor-element-e8196f7 elementor-widget elementor-widget-text-editor\" data-id=\"e8196f7\" data-element_type=\"widget\" data-widget_type=\"text-editor.default\">\n\t\t\t\t<div class=\"elementor-widget-container\">\n\t\t\t\t\t<div class=\"elementor-text-editor elementor-clearfix\"><p>Cu o vasta experienta in implementarea proictelor de infrastructura in domeniul sportului, Sport Logistic livreaza solutii complete in ceea ce priveste consultanta, proiectarea si executia terenurilor si salilor de sport, bazelor sportive, stadioanelor sau a altor obiective care includ elemente de infrastructura din domeniul sportului. Cele dou\u0103 axe principale pe care se dezvolt\u0103 amenajarea unui teren sau a unei s\u0103li de sport sunt pardoselile \u0219i dot\u0103rile.\u00a0<\/p><\/div>\n\t\t\t\t<\/div>\n\t\t\t\t<\/div>\n\t\t\t\t\t<\/div>\n\t\t<\/div>\n\t\t\t\t\t\t\t<\/div>\n\t\t<\/section>\n\t\t\t\t<section class=\"elementor-section elementor-top-section elementor-element elementor-element-e57dc35 elementor-section-boxed elementor-section-height-default elementor-section-height-default\" data-id=\"e57dc35\" data-element_type=\"section\">\n\t\t\t\t\t\t<div class=\"elementor-container elementor-column-gap-default\">\n\t\t\t\t\t<div class=\"elementor-column elementor-col-100 elementor-top-column elementor-element elementor-element-73278ad\" data-id=\"73278ad\" data-element_type=\"column\">\n\t\t\t<div class=\"elementor-widget-wrap elementor-element-populated\">\n\t\t\t\t\t\t\t\t<div class=\"elementor-element elementor-element-fbcf98d elementor-widget elementor-widget-accordion\" data-id=\"fbcf98d\" data-element_type=\"widget\" data-widget_type=\"accordion.default\">\n\t\t\t\t<div class=\"elementor-widget-container\">\n\t\t\t\t\t<div class=\"elementor-accordion\" role=\"tablist\">\n\t\t\t\t\t\t\t<div class=\"elementor-accordion-item\">\n\t\t\t\t\t<div id=\"elementor-tab-title-2641\" class=\"elementor-tab-title\" data-tab=\"1\" role=\"tab\" aria-controls=\"elementor-tab-content-2641\" aria-expanded=\"false\">\n\t\t\t\t\t\t\t\t\t\t\t\t\t<span class=\"elementor-accordion-icon elementor-accordion-icon-left\" aria-hidden=\"true\">\n\t\t\t\t\t\t\t\t\t\t\t\t\t\t\t<span class=\"elementor-accordion-icon-closed\"><i class=\"fas fa-plus\"><\/i><\/span>\n\t\t\t\t\t\t\t\t<span class=\"elementor-accordion-icon-opened\"><i class=\"fas fa-minus\"><\/i><\/span>\n\t\t\t\t\t\t\t\t\t\t\t\t\t\t<\/span>\n\t\t\t\t\t\t\t\t\t\t\t\t<a class=\"elementor-accordion-title\" href=\"\">Pardoseli pentru sport<\/a>\n\t\t\t\t\t<\/div>\n\t\t\t\t\t<div id=\"elementor-tab-content-2641\" class=\"elementor-tab-content elementor-clearfix\" data-tab=\"1\" role=\"tabpanel\" aria-labelledby=\"elementor-tab-title-2641\"><p><strong>Parchet sportiv<\/strong><\/p>\n<p>Cea mai performanta suprafa\u021b\u0103 de joc pentru s\u0103li de sport \u0219i arene multifunc\u021bionale indoor este parchetul sportiv. Elasticitatea sistemelor de parchet confer\u0103 o siguran\u021b\u0103 sporit\u0103 pentru sportivi \u0219i le protejeaz\u0103 \u00eencheieturile, reduc\u00e2nd num\u0103rul de accident\u0103ri sau de alte probleme medicale. Solu\u021bia cu cea mai mare stabilitate \u00een raport cu condi\u021biile de mediu este lemnul masiv, iar sistemele de parchet de acest gen reprezint\u0103 o garan\u021bie a calit\u0103\u021bii \u0219i fiabilit\u0103\u021bii superioare a produsului finit. Durata de via\u021b\u0103 a sistemelor de parchet sportiv din lemn masiv\u00a0este de peste 40 de ani, \u00een acest r\u0103stimp permi\u021b\u00e2nd 5 procese succesive de refinisare.<\/p>\n<p>\u00a0<\/p>\n<p><strong>Suprafa\u021b\u0103 sintetic\u0103 modular\u0103<\/strong><\/p>\n<p>Suprafe\u021bele sintetice modulare pot fi folosite at\u00e2t pentru dotarea terenurilor de sport \u00een aer liber (\u00een acest caz se folosesc cele autodrenante) c\u00e2t \u0219i pentru dotarea s\u0103lilor de sport sau altor incinte, chiar dac\u0103 destina\u021bia lor nu este una sportiv\u0103 (\u00een acest caz folosindu-se varianta compact\u0103). Unul dintre principalele avantaje al utiliz\u0103rii suprafe\u021belor modulare \u00eel reprezint\u0103 faptul c\u0103 pentru instalarea lor nu se folosesc alte materiale care s\u0103 afecteze suprafa\u021ba pe care sunt plasate sau s\u0103 d\u0103uneze mediului \u00eenconjur\u0103tor (exemplu: adezivi). Suprafe\u021bele sintetice modulare sunt rezistente la capriciile vremii, dar \u0219i la interven\u021biile factorului uman.<\/p>\n<p>\u00a0<\/p>\n<p><strong>Suprafete din cauciuc granulat cu poliuretan (tartan)<\/strong><\/p>\n<p>Utilizat \u00een principal pentru piste de atletism, cauciucul de tip tartan poate fi o solu\u021bie pentru terenurile de sport multifunc\u021bionale \u00een aer liber. Ofer\u0103 un confort sporit celor care practic\u0103 sportul prin elasticitatea sa, este rezistent la intemperii \u0219i este u\u0219or de \u00eentre\u021binut. De asemenea poate fi u\u0219or personalizat.<\/p><\/div>\n\t\t\t\t<\/div>\n\t\t\t\t\t\t\t<div class=\"elementor-accordion-item\">\n\t\t\t\t\t<div id=\"elementor-tab-title-2642\" class=\"elementor-tab-title\" data-tab=\"2\" role=\"tab\" aria-controls=\"elementor-tab-content-2642\" aria-expanded=\"false\">\n\t\t\t\t\t\t\t\t\t\t\t\t\t<span class=\"elementor-accordion-icon elementor-accordion-icon-left\" aria-hidden=\"true\">\n\t\t\t\t\t\t\t\t\t\t\t\t\t\t\t<span class=\"elementor-accordion-icon-closed\"><i class=\"fas fa-plus\"><\/i><\/span>\n\t\t\t\t\t\t\t\t<span class=\"elementor-accordion-icon-opened\"><i class=\"fas fa-minus\"><\/i><\/span>\n\t\t\t\t\t\t\t\t\t\t\t\t\t\t<\/span>\n\t\t\t\t\t\t\t\t\t\t\t\t<a class=\"elementor-accordion-title\" href=\"\">Dot\u0103ri pentru sport<\/a>\n\t\t\t\t\t<\/div>\n\t\t\t\t\t<div id=\"elementor-tab-content-2642\" class=\"elementor-tab-content elementor-clearfix\" data-tab=\"2\" role=\"tabpanel\" aria-labelledby=\"elementor-tab-title-2642\"><p><span style=\"font-weight: bold;\">Scaune<\/span><\/p>\n<p><span style=\"font-weight: bold;\">Tribune<\/span><\/p>\n<p><span style=\"font-weight: bold;\">Sisteme pentru baschet<\/span><\/p>\n<p><span style=\"font-weight: bold;\">Sisteme pentru volei<\/span><\/p>\n<p><span style=\"font-weight: bold;\">Por\u021bi de handbal \u0219i fotbal<\/span><\/p>\n<p><span style=\"font-weight: bold;\">Alte echipamente\u00a0<\/span><\/p><\/div>\n\t\t\t\t<\/div>\n\t\t\t\t\t<\/div>\n\t\t\t\t<\/div>\n\t\t\t\t<\/div>\n\t\t\t\t\t<\/div>\n\t\t<\/div>\n\t\t\t\t\t\t\t<\/div>\n\t\t<\/section>\n\t\t\t\t<section class=\"elementor-section elementor-top-section elementor-element elementor-element-3c28c18f elementor-section-boxed elementor-section-height-default elementor-section-height-default\" data-id=\"3c28c18f\" data-element_type=\"section\">\n\t\t\t\t\t\t<div class=\"elementor-container elementor-column-gap-default\">\n\t\t\t\t\t<div class=\"elementor-column elementor-col-100 elementor-top-column elementor-element elementor-element-109686\" data-id=\"109686\" data-element_type=\"column\">\n\t\t\t<div class=\"elementor-widget-wrap elementor-element-populated\">\n\t\t\t\t\t\t\t\t<div class=\"elementor-element elementor-element-3f22f74 elementor-align-center elementor-widget elementor-widget-button\" data-id=\"3f22f74\" data-element_type=\"widget\" data-widget_type=\"button.default\">\n\t\t\t\t<div class=\"elementor-widget-container\">\n\t\t\t\t\t<div class=\"elementor-button-wrapper\">\n\t\t\t<a href=\"https:\/\/sportlogistic.ro\/?page_id=12\" target=\"_blank\" class=\"elementor-button-link elementor-button elementor-size-sm\" role=\"button\">\n\t\t\t\t\t\t<span class=\"elementor-button-content-wrapper\">\n\t\t\t\t\t\t<span class=\"elementor-button-icon elementor-align-icon-left\">\n\t\t\t\t<i aria-hidden=\"true\" class=\"fas fa-list-alt\"><\/i>\t\t\t<\/span>\n\t\t\t\t\t\t<span class=\"elementor-button-text\">PORTOFOLIU INFRASTRUCTUR\u0102 SPORTIV\u0102<\/span>\n\t\t<\/span>\n\t\t\t\t\t<\/a>\n\t\t<\/div>\n\t\t\t\t<\/div>\n\t\t\t\t<\/div>\n\t\t\t\t\t<\/div>\n\t\t<\/div>\n\t\t\t\t\t\t\t<\/div>\n\t\t<\/section>\n\t\t\t\t\t\t<\/div>\n\t\t\t\t\t<\/div>\n\t\t","protected":false},"excerpt":{"rendered":"<p>Cu o vasta experienta in implementarea proictelor de infrastructura in domeniul sportului, Sport Logistic livreaza solutii complete in ceea ce priveste consultanta, proiectarea si executia terenurilor si salilor de sport, bazelor sportive, stadioanelor sau a altor obiective care includ elemente de infrastructura din domeniul sportului. Cele dou\u0103 axe principale pe care se dezvolt\u0103 amenajarea unui&hellip;&nbsp;<a href=\"https:\/\/sportlogistic.ro\/?page_id=80\" class=\"\" rel=\"bookmark\">Read More &raquo;<span class=\"screen-reader-text\">Amenaj\u0103ri<\/span><\/a><\/p>\n","protected":false},"author":2,"featured_media":0,"parent":0,"menu_order":0,"comment_status":"closed","ping_status":"closed","template":"","meta":{"neve_meta_sidebar":"full-width","neve_meta_container":"","neve_meta_enable_content_width":"on","neve_meta_content_width":100,"neve_meta_title_alignment":"","neve_meta_author_avatar":"","neve_post_elements_order":"","neve_meta_disable_header":"","neve_meta_disable_footer":"","neve_meta_disable_title":"","footnotes":""},"class_list":["post-80","page","type-page","status-publish","hentry"],"_links":{"self":[{"href":"https:\/\/sportlogistic.ro\/index.php?rest_route=\/wp\/v2\/pages\/80","targetHints":{"allow":["GET"]}}],"collection":[{"href":"https:\/\/sportlogistic.ro\/index.php?rest_route=\/wp\/v2\/pages"}],"about":[{"href":"https:\/\/sportlogistic.ro\/index.php?rest_route=\/wp\/v2\/types\/page"}],"author":[{"embeddable":true,"href":"https:\/\/sportlogistic.ro\/index.php?rest_route=\/wp\/v2\/users\/2"}],"replies":[{"embeddable":true,"href":"https:\/\/sportlogistic.ro\/index.php?rest_route=%2Fwp%2Fv2%2Fcomments&post=80"}],"version-history":[{"count":21,"href":"https:\/\/sportlogistic.ro\/index.php?rest_route=\/wp\/v2\/pages\/80\/revisions"}],"predecessor-version":[{"id":125,"href":"https:\/\/sportlogistic.ro\/index.php?rest_route=\/wp\/v2\/pages\/80\/revisions\/125"}],"wp:attachment":[{"href":"https:\/\/sportlogistic.ro\/index.php?rest_route=%2Fwp%2Fv2%2Fmedia&parent=80"}],"curies":[{"name":"wp","href":"https:\/\/api.w.org\/{rel}","templated":true}]}}